{"id":65,"date":"2021-08-24T13:36:56","date_gmt":"2021-08-24T11:36:56","guid":{"rendered":"https:\/\/www.sizimmermann.de\/regat\/?page_id=65"},"modified":"2021-09-02T11:27:04","modified_gmt":"2021-09-02T09:27:04","slug":"chronik","status":"publish","type":"page","link":"https:\/\/www.sizimmermann.de\/regat\/chronik","title":{"rendered":"Chronik"},"content":{"rendered":"\r\n<h3 class=\"wp-block-heading\">Rom\u00e2nia regat * Souver\u00e4nes Rum\u00e4nien \u2013 Chronik eines Lebensprojekts:<\/h3>\r\n\r\n\r\n\r\n<h4 class=\"wp-block-heading\">Das erste rum\u00e4nische K\u00f6nigspaar, Carol I. und Elisabeth, <br \/>im Spiegel der Zeugnisse aus Briefen, Tageb\u00fcchern, Memoiren und Schriftst\u00fccken<\/h4>\r\n\r\n\r\n\r\n<p>Webprojekt: Silvia Irina Zimmermann<\/p>\r\n\r\n\r\n<hr class=\"wp-block-separator\" \/>\r\n\r\n\r\n<h4 class=\"wp-block-heading\">1866<\/h4>\r\n\r\n\r\n\r\n<p>1866: Prinz Karl von Hohenzollern-Sigmaringenwird zum F\u00fcrsten Rum\u00e4niens ernannt<\/p>\r\n<p>Aufbruch des Prinzen Karl nach Rum\u00e4nien; 8.\/ 20. Mai 1866: Ankunft in<br \/>Rum\u00e4nien; 10.\/ 22. Mai 1866: Eid auf die Verfassung in der Deputiertenkammer<br \/>in Bukarest.<\/p>\r\n\r\n\r\n\r\n<ul>\r\n<li><a href=\"https:\/\/www.sizimmermann.de\/regat\/2021\/08\/24\/10-april-1866-berlin-die-rumaenische-frage\/\" target=\"_blank\" rel=\"noreferrer noopener\">10. April 1866, Berlin: Die Rum\u00e4nische Frage<\/a><\/li>\r\n<\/ul>\r\n<p>\r\n\r\n<\/p>\r\n<ul>\r\n<li><a href=\"https:\/\/www.sizimmermann.de\/regat\/2021\/08\/27\/28-mai-1866-bukarest-ich-habe-hier-mit-einem-volke-zu-tun-das-sehr-viel-herz-hat-fuerst-carol\/\" target=\"_blank\" rel=\"noreferrer noopener\">28. Mai 1866, Bukarest: \u201eIch habe hier mit einem Volke zu tun, das sehr viel Herz hat.\u201c (F\u00fcrst Carol)<\/a><\/li>\r\n<\/ul>\r\n\r\n\r\n<hr class=\"wp-block-separator\" \/>\r\n\r\n\r\n<h4 class=\"wp-block-heading\">1867<\/h4>\r\n\r\n\r\n\r\n<p>Reorganisation der rum\u00e4nischen Armee. Eisenbahnbau in Rum\u00e4nien<\/p>\r\n<p>F\u00fcrst Carol beginnt das Projekt zum Bau eines Eisenbahnnetzes im Land. und unterst\u00fctzt das Kriegsministerium mit privaten Mitteln zur Waffenbeschaffung und Bezahlung der Offiziere.<\/p>\r\n\r\n\r\n\r\n<p>.<\/p>\r\n\r\n\r\n<hr class=\"wp-block-separator\" \/>\r\n\r\n\r\n<h4 class=\"wp-block-heading\">1868<\/h4>\r\n\r\n\r\n\r\n<p>Heiratspl\u00e4ne des F\u00fcrsten Carol von Rum\u00e4nien. Waffenkauf. Eisenbahnkonzession.<\/p>\r\n<p>Gesetz f\u00fcr den Bau des Eisenbahnnetzes in Rum\u00e4nien. Gesetz zur Neuorganisation<br \/>der Armee, entworfen von F\u00fcrst Carol am 11. Juni 1868.<\/p>\r\n\r\n\r\n\r\n<ul>\r\n<li><a href=\"https:\/\/www.sizimmermann.de\/regat\/2021\/08\/25\/27-november-1868-aufenthalt-des-fuersten-carol-in-der-villa-florica-bei-pitesti\/\" target=\"_blank\" rel=\"noreferrer noopener\">27. November 1868<\/a> <a href=\"https:\/\/www.sizimmermann.de\/regat\/2021\/08\/25\/27-november-1868-aufenthalt-des-fuersten-carol-in-der-villa-florica-bei-pitesti\/\" target=\"_blank\" rel=\"noreferrer noopener\">bei Pite\u015fti: Aufenthalt des F\u00fcrsten Carol in der Villa Florica:<\/a><\/li>\r\n<\/ul>\r\n\r\n\r\n\r\n<p>.<\/p>\r\n\r\n\r\n<hr class=\"wp-block-separator\" \/>\r\n\r\n\r\n<h4 class=\"wp-block-heading\">1869<\/h4>\r\n\r\n\r\n\r\n<p>Hochzeit des F\u00fcrsten Carol mit Prinzessin Elisabeth zu Wied<\/p>\r\n<ul>\r\n<li>RO: <a href=\"https:\/\/www.sizimmermann.de\/regat\/archive\/236\" target=\"_blank\" rel=\"noopener\">5. noiembrie 1869, Monrepos: \u201e\u00centr-un an vreau \u015fi voi vorbi rom\u00e2ne\u015fte\u201c (Elisabeta)<\/a><\/li>\r\n<\/ul>\r\n\r\n\r\n\r\n<p>.<\/p>\r\n\r\n\r\n<hr class=\"wp-block-separator\" \/>\r\n\r\n\r\n<h4 class=\"wp-block-heading\">1870<\/h4>\r\n\r\n\r\n\r\n<p>Deutsch-Franz\u00f6sischer Krieg<\/p>\r\n<p>27. August\/ 8. September 1870, Bukarest: Geburt von Prinzessin Maria, dem einzigen Kind des F\u00fcrstenpaares<\/p>\r\n\r\n\r\n\r\n<ul>\r\n<li><a href=\"https:\/\/www.sizimmermann.de\/regat\/2021\/08\/25\/4-juni-1870-ja-das-eheliche-leben-ist-wunderschoen-elisabeth\/\" target=\"_blank\" rel=\"noreferrer noopener\">4. Juni 1870, Bukarest (Cotroceni): \u201eJa, das eheliche Leben ist wundersch\u00f6n!\u201c (Elisabeth)<\/a><\/li>\r\n<\/ul>\r\n\r\n\r\n\r\n<p>.<\/p>\r\n\r\n\r\n<hr class=\"wp-block-separator\" \/>\r\n\r\n\r\n<h4 class=\"wp-block-heading\">1871<\/h4>\r\n\r\n\r\n\r\n<p>Innenpolitische Spannungen. R\u00fccktrittsgedanken des F\u00fcrsten<\/p>\r\n<p>Rum\u00e4nische Thronkrise in Zusammenhang mit dem deutsch-franz\u00f6sischen Krieg. Die Radikalliberalen versuchen, Carol vom Thron zu st\u00fcrzen. Der F\u00fcrst \u00fcberlegt abzudanken. Die Konservativen fordern den F\u00fcrsten auf, den rum\u00e4nischen Thron nicht zu verlassen.<\/p>\r\n\r\n\r\n\r\n<p>.<\/p>\r\n\r\n\r\n<hr class=\"wp-block-separator\" \/>\r\n\r\n\r\n<h4 class=\"wp-block-heading\">1872<\/h4>\r\n\r\n\r\n\r\n<p>Strousberg-Aff\u00e4re. Sommersitz in Sinaia Kuraufenthalt der F\u00fcrstin Elisabeth in Italien.<\/p>\r\n\r\n\r\n\r\n<p>.<\/p>\r\n\r\n\r\n<hr class=\"wp-block-separator\" \/>\r\n\r\n\r\n<h4 class=\"wp-block-heading\">1873<\/h4>\r\n\r\n\r\n\r\n<p>Wiener Weltausstellung. Reise der rum\u00e4nischen F\u00fcrstenfamilie nach Deutschland<\/p>\r\n\r\n\r\n\r\n<ol>\r\n<li><a href=\"https:\/\/www.sizimmermann.de\/regat\/2021\/08\/25\/juni-1873-ein-reisebericht-des-fuersten-carol-als-inspirationsquelle-fuer-carmen-sylva\/\" target=\"_blank\" rel=\"noreferrer noopener\">9. Juni 1873, Leordeni: ein Reisebericht des F\u00fcrsten Carol als Inspirationsquelle f\u00fcr Carmen Sylva<\/a><\/li>\r\n<\/ol>\r\n\r\n\r\n\r\n<ul>\r\n<li>RO: <a href=\"https:\/\/www.sizimmermann.de\/regat\/2021\/08\/25\/iunie-1873-relatarea-unei-calatorii-a-domnitorului-carol-ca-sursa-de-inspiratie-pentru-carmen-sylva\/\" target=\"_blank\" rel=\"noreferrer noopener\">9. iunie 1873, Leordeni: relatarea unei c\u0103l\u0103torii a domnitorului Carol ca surs\u0103 de inspira\u0163ie pentru Carmen Sylva<\/a><\/li>\r\n<\/ul>\r\n\r\n\r\n<hr class=\"wp-block-separator\" \/>\r\n\r\n\r\n<h4 class=\"wp-block-heading\">1874<\/h4>\r\n\r\n\r\n\r\n<p>Kindstod. Kuraufenthalte des F\u00fcrstenpaares im Ausland<\/p>\r\n<p>28. M\u00e4rz\/ 9. April 1874 (am Gr\u00fcndonnerstag der rum\u00e4nischen orthodoxen Kirche), Bukarest: Tod der Prinzessin Maria. Sie wird im Park des Schlosses Cotroceni bestattet.<\/p>\r\n\r\n\r\n\r\n<p>.<\/p>\r\n\r\n\r\n<hr class=\"wp-block-separator\" \/>\r\n\r\n\r\n<h4 class=\"wp-block-heading\">1875<\/h4>\r\n\r\n\r\n\r\n<p>Eisenbahnkrise. Grundsteinlegung des Schlosses Pelesch (Pele\u015f) bei Sinaia<\/p>\r\n\r\n\r\n\r\n<p>.<\/p>\r\n\r\n\r\n<hr class=\"wp-block-separator\" \/>\r\n\r\n\r\n<h4 class=\"wp-block-heading\">1876<\/h4>\r\n\r\n\r\n\r\n<p>Aufstand in Bulgarien. Vorabend des russisch-t\u00fcrkischen Krieges<\/p>\r\n<p>F\u00fcrstin Elisabeth gr\u00fcndet die Nationale Rotkreuz-Gesellschaft Rum\u00e4niens<\/p>\r\n\r\n\r\n\r\n<p>.<\/p>\r\n\r\n\r\n<hr class=\"wp-block-separator\" \/>\r\n\r\n\r\n<h4 class=\"wp-block-heading\">1877<\/h4>\r\n\r\n\r\n\r\n<p>Ausbruch des russisch-t\u00fcrkischen Krieges im April 1877. Rum\u00e4nien zieht an der Seite des Russischen Kaiserreichs in den Krieg gegen das Osmanische Reich<\/p>\r\n\r\n\r\n\r\n<p>16.\/ 28. August 1877: Der Zar beauftragt F\u00fcrst Carol mit dem Kommando \u00fcber die russischen und rum\u00e4nischen Truppen bei Plevna; Sieg \u00fcber die t\u00fcrkische Armee.<\/p>\r\n<p>F\u00fcrstin Elisabeth gr\u00fcndet eine \u201eErste-Hilfe-Ambulanz\u201d und l\u00e4sst zwei Lazarette im Schlosshof Cotroceni aus eigenen Mitteln bauen. Dort versorgt sie die Kriegsverwundeten<br \/>und ermutigt die Damen der hohen Gesellschaft ihrem Beispiel zu folgen.<\/p>\r\n\r\n\r\n\r\n<p>.<\/p>\r\n\r\n\r\n<hr class=\"wp-block-separator\" \/>\r\n\r\n\r\n<h4 class=\"wp-block-heading\">1878<\/h4>\r\n\r\n\r\n\r\n<p>Berliner Kongress, Juni-Juli 1878: Anerkennung der Unabh\u00e4ngigkeit Rum\u00e4niens. Rum\u00e4nien erh\u00e4lt die Dobrudscha am Schwarzen Meer, verliert aber Bessarabien, das an das russische Kaiserreich f\u00e4llt.<\/p>\r\n<p>F\u00fcrstin Elisabeth ver\u00f6ffentlicht in deutschen Zeitschriften \u00dcbersetzungen aus rum\u00e4nischen<br \/>zeitgen\u00f6ssischen Dichtungen (u.a. Vasile Alecsandri und erstmals Mihai Eminescu)<\/p>\r\n<p>&nbsp;<\/p>\r\n\r\n\r\n\r\n<p>.<\/p>\r\n\r\n\r\n<hr class=\"wp-block-separator\" \/>\r\n\r\n\r\n<h4 class=\"wp-block-heading\">1879<\/h4>\r\n\r\n\r\n\r\n<p>Donau-Grenzziehung. Schwierige Beziehung zu Russland<\/p>\r\n<p>In Rum\u00e4nien wird der 10. Mai Nationalfeiertag: beginnend mit dem Jahr 1879, wird am 10. Mai die Thronbesteigung durch Carol I. und die Unabh\u00e4ngigkeit Rum\u00e4niens gefeiert<\/p>\r\n\r\n\r\n\r\n<p>.<\/p>\r\n\r\n\r\n<hr class=\"wp-block-separator\" \/>\r\n\r\n\r\n<h4 class=\"wp-block-heading\">1880<\/h4>\r\n\r\n\r\n\r\n<p>Die rum\u00e4nische Thronfolgefrage: Prinz Ferdinand von Hohenzollern-Sigmaringen zum Thronfolger Carols I. ernannt<\/p>\r\n\r\n\r\n\r\n<p>F\u00fcrstin Elisabeth beginnt ihre schriftstellerische T\u00e4tigkeit unter dem Dichternamen \u201eCar\u00admen Sylva\u201d.<\/p>\r\n\r\n\r\n\r\n<p>.<\/p>\r\n\r\n\r\n<hr class=\"wp-block-separator\" \/>\r\n\r\n\r\n<h4 class=\"wp-block-heading\">1881<\/h4>\r\n\r\n\r\n\r\n<p>Rum\u00e4nien wird K\u00f6nigreich. 10.\/22. Mai 1881: Kr\u00f6nung von Carol I. und Elisabeth als erstes K\u00f6nigspaar von Rum\u00e4nien.<\/p>\r\n\r\n\r\n\r\n<p>.<\/p>\r\n\r\n\r\n<hr class=\"wp-block-separator\" \/>\r\n\r\n\r\n<h4 class=\"wp-block-heading\">1882<\/h4>\r\n\r\n\r\n\r\n<p>Die Donaufrage und die Beziehung zu \u00d6sterreich-Ungarn<\/p>\r\n\r\n\r\n\r\n<p>.<\/p>\r\n\r\n\r\n<hr class=\"wp-block-separator\" \/>\r\n\r\n\r\n<div class=\"wp-block-group\"><div class=\"wp-block-group__inner-container is-layout-flow wp-block-group-is-layout-flow\">\r\n<h4 class=\"wp-block-heading\">1883<\/h4>\r\n\r\n\r\n\r\n<p>Kuraufenthalt des K\u00f6nigspaares in Italien. Einweihung des K\u00f6nigsschlosses Pelesch in Sinaia<\/p>\r\n<p>Erscheinen der &#8222;Pelesch-M\u00e4rchen&#8220; von Carmen Sylva in Deutschland. Die rum\u00e4nische Edition &#8222;Pove\u015ftile Pele\u015fului&#8220; erschien Ende 1882, und wurde als Pr\u00e4mienband in den rum\u00e4nischen Schulen verteilt.<\/p>\r\n\r\n\r\n\r\n<ul>\r\n<li><a href=\"https:\/\/www.sizimmermann.de\/regat\/2021\/08\/25\/1-juni-1883-ich-finde-es-aber-noethiger-wie-je-deine-memoiren-zu-schreiben-elisabeth\/\" target=\"_blank\" rel=\"noreferrer noopener\">1. Juni 1883, Segenhaus (Neuwied): \u201eIch finde es aber n\u00f6thiger wie je, Deine <em>m\u00e9moiren<\/em> zu schreiben\u201c (Elisabeth)<\/a><\/li>\r\n<\/ul>\r\n<\/div><\/div>\r\n\r\n\r\n<hr \/>\r\n<h4 class=\"wp-block-heading\">1884<\/h4>\r\n\r\n\r\n\r\n<p>Besuch des \u00f6sterreichischen Thronfolgerpaares in Sinaia<\/p>\r\n<hr \/>\r\n\r\n\r\n<h4 class=\"wp-block-heading\">1885<\/h4>\r\n\r\n\r\n\r\n<p>Tod von F\u00fcrst Karl Anton von Hohenzollern-Sigmaringen, der Vater des K\u00f6nigs Carol I.<\/p>\r\n<hr \/>\r\n\r\n\r\n<h4 class=\"wp-block-heading\">1886<\/h4>\r\n\r\n\r\n\r\n<p>Einweihung der restaurierten Klosterkirche Curtea de Arge\u015f<\/p>\r\n<p>Beginn der Arbeit an dem Evangelienbuch der Klosterkirche Curtea de Arge\u015f, das sie im Missalestil malt und 1892 beendet. Die K\u00f6nigin spendet das Evangelienbuch der Kirche Curtea de Arge\u015f in Erinnerung an ihre einzige Tochter, Prinzessin Maria (1870-1874).<\/p>\r\n<hr \/>\r\n\r\n\r\n<h4 class=\"wp-block-heading\">1887<\/h4>\r\n<p>Die K\u00f6nigin l\u00e4dt den franz\u00f6sischen Schriftsteller Pierre Loti nach Sinaia ein.<\/p>\r\n<p>.<\/p>\r\n<hr \/>\r\n\r\n\r\n<h4 class=\"wp-block-heading\">1888<\/h4>\r\n\r\n\r\n\r\n<p>Dreikaiserjahr in Deutschland<\/p>\r\n<p>Die Academie fran\u00e7aise verleiht der K\u00f6nigin den Preis Botta f\u00fcr die 2. Auflage von <em>Les pens\u00e9es d\u2019une reine<\/em> (1888).<\/p>\r\n<p>Besuch der Kaiserin Elisabeth von \u00d6sterreich-Ungarn (Sisi) in Sinaia<\/p>\r\n<p>.<\/p>\r\n<hr \/>\r\n\r\n\r\n<h4 class=\"wp-block-heading\">1889<\/h4>\r\n\r\n\r\n\r\n<p>Thronfolger Prinz Ferdinand \u00fcbersiedelt nach Rum\u00e4nien<\/p>\r\n<p>.<\/p>\r\n<hr \/>\r\n\r\n\r\n<h4 class=\"wp-block-heading\">1890<\/h4>\r\n\r\n\r\n\r\n<p>Ehrenmitgliedschaft Elisabeths in der Rum\u00e4nischen Akademie Bukarest<\/p>\r\n<p>Englandreise der K\u00f6nigin und Dichterin Carmen Sylva<\/p>\r\n<p>.<\/p>\r\n<hr \/>\r\n\r\n\r\n<h4 class=\"wp-block-heading\">1891<\/h4>\r\n\r\n\r\n\r\n<p>V\u0103c\u0103rescu-Aff\u00e4re, Beginn des Exils der K\u00f6nigin<\/p>\r\n<p>.<\/p>\r\n<hr \/>\r\n\r\n\r\n<h4 class=\"wp-block-heading\">1892<\/h4>\r\n\r\n\r\n\r\n<p>Exil der K\u00f6nign in Pallanza und Segenhaus<\/p>\r\n<p>Verlobung des Thronfolgers mit Prinzessin Maria von Edinburgh<\/p>\r\n<p>.<\/p>\r\n<hr \/>\r\n\r\n\r\n<h4 class=\"wp-block-heading\">1893<\/h4>\r\n\r\n\r\n\r\n<p>10. Januar 1893: Hochzeit des Thronfolgerpaares Ferdinand und Maria von Rum\u00e4nien in Sigmaringen (nach altem Kalender, in Rum\u00e4nien damals noch \u00fcblich: 29. Dezember 1892)<\/p>\r\n<p>Geburt des Kronprinzen Carol (sp\u00e4ter K\u00f6nig Carol II. von Rum\u00e4nien) am . Oktober 1893<\/p>\r\n<p>.<\/p>\r\n<hr \/>\r\n\r\n\r\n<h4 class=\"wp-block-heading\">1894<\/h4>\r\n\r\n\r\n\r\n<p>R\u00fcckkehr der K\u00f6nigin aus dem Exil<\/p>\r\n<p>Feier der Silbernen Hochzeit des K\u00f6nigspaares Carol I. und Elisabeth<\/p>\r\n<p>.<\/p>\r\n<hr \/>\r\n\r\n\r\n<h4 class=\"wp-block-heading\">1895<\/h4>\r\n\r\n\r\n\r\n<p>14. M\u00e4rz 1895: Der K\u00f6nig er\u00f6ffnet die Universit\u00e4tsbibliothek in Bukarest und gr\u00fcndet die Stiftung\u00a0 Carol I.<\/p>\r\n<p>14.\/ 26. September 1895: Einweihung der Donaubr\u00fccke bei Cernavod\u0103<\/p>\r\n<p>&nbsp;<\/p>\r\n<p>.<\/p>\r\n<hr \/>\r\n\r\n\r\n<h4 class=\"wp-block-heading\">1896<\/h4>\r\n\r\n\r\n\r\n<p>September: Besuch des Kaisers Franz Joseph von \u00d6sterreich-Ungarn in Bukarest und Sinaia<\/p>\r\n<p>.<\/p>\r\n<hr \/>\r\n\r\n\r\n<h4 class=\"wp-block-heading\">1897<\/h4>\r\n<hr \/>\r\n\r\n\r\n<h4 class=\"wp-block-heading\">1898<\/h4>\r\n\r\n\r\n\r\n<p>K\u00f6nig Carol I. und Prinz Ferdinand von Rum\u00e4nien besuchen den russischen Hof auf Einladung des Zaren Nikolaus II.<\/p>\r\n<p>&nbsp;<\/p>\r\n<hr \/>\r\n\r\n\r\n<h4 class=\"wp-block-heading\">1899<\/h4>\r\n<hr \/>\r\n\r\n\r\n<h4 class=\"wp-block-heading\">1900<\/h4>\r\n\r\n\r\n\r\n<p>Tod der Mutter des K\u00f6nigs, F\u00fcrstin Josephine von Hohenzollern-Sigmaringen.<\/p>\r\n<hr \/>\r\n\r\n\r\n<h4 class=\"wp-block-heading\">1901<\/h4>\r\n<hr \/>\r\n\r\n\r\n<h4 class=\"wp-block-heading\">1902<\/h4>\r\n\r\n\r\n\r\n<p>Tod der Mutter der K\u00f6nigin, F\u00fcrstin Marie zu Wied<\/p>\r\n<hr \/>\r\n\r\n\r\n<h4 class=\"wp-block-heading\">1903<\/h4>\r\n<hr \/>\r\n\r\n\r\n<h4 class=\"wp-block-heading\">1904<\/h4>\r\n\r\n\r\n\r\n<p>Donaureise der K\u00f6nigsfamilie, geschildert im Reisebericht der K\u00f6nigin (Carmen Sylva) &#8222;Rheintochters Donaufahrt&#8220; (1905)<\/p>\r\n<hr \/>\r\n\r\n\r\n<h4 class=\"wp-block-heading\">1905<\/h4>\r\n\r\n\r\n\r\n<p>Ver\u00f6ffentlichung des Donaureise-Berichts Carmen Sylvas<\/p>\r\n<hr \/>\r\n\r\n\r\n<h4 class=\"wp-block-heading\">1906<\/h4>\r\n\r\n\r\n\r\n<p>40. Regierungsjubil\u00e4um des K\u00f6nigs, 25. Jubil\u00e4um der Erhebung Rum\u00e4niens zum K\u00f6nigreich; eine gro\u00dfe nationale Jubil\u00e4ums-Ausstellung in Bukarest feiert den K\u00f6nig und zeigt die Entwicklung des Landes w\u00e4hrend seiner Herrschaft 1866-1906<\/p>\r\n<p>Einweihung von \u201eVatra Luminoas\u0103\u201d (Leuchtender Herd), der Einrichtung der K\u00f6nigin Elisabeth zur F\u00f6rderung der Sehbehinderten. Der K\u00f6nig spendet daf\u00fcr 500.000 Lei<\/p>\r\n<p>.<\/p>\r\n<p>&nbsp;<\/p>\r\n<hr \/>\r\n\r\n\r\n<h4 class=\"wp-block-heading\">1907<\/h4>\r\n\r\n\r\n\r\n<p>Bauernaufstand<\/p>\r\n<p>In der Moldau bricht der Aufstand der Bauern aus, der bald das ganze Land ergreift, so dass der Einsatz der Armee erforderlich ist, um die Ordnung wieder herzustellen.<\/p>\r\n<p>Die K\u00f6nigin unterst\u00fctzt die Seidenraupenzucht und die Textilherstellung, um die l\u00e4ndliche Hausindustrie zu ermutigen. Gr\u00fcndung der gemeinn\u00fctzigen Gesellschaft \u201e\u0162es\u0103toarea\u201d (Die Weberin).<\/p>\r\n<p>.<\/p>\r\n<p>&nbsp;<\/p>\r\n<hr \/>\r\n\r\n\r\n<h4 class=\"wp-block-heading\">1908<\/h4>\r\n<hr \/>\r\n\r\n\r\n<h4 class=\"wp-block-heading\">1909<\/h4>\r\n\r\n\r\n\r\n<p>Kaiserliche Besuche aus Deutschland und \u00d6sterreich-Ungarn. Ehrung des K\u00f6nigs durch den deutschen Kaiser mit dem Feldmarschallstab der deutschen Armee.<\/p>\r\n<hr \/>\r\n\r\n\r\n<h4 class=\"wp-block-heading\">1910<\/h4>\r\n\r\n\r\n\r\n<p>Besuch des K\u00f6nigs Karl Gustav V. von Schweden in Sinaia.<\/p>\r\n<hr \/>\r\n\r\n\r\n<h4 class=\"wp-block-heading\">1911<\/h4>\r\n\r\n\r\n\r\n<p>Besuch des t\u00fcrkischen Erbprinzen Jussuf Izzedin in Sinaia<\/p>\r\n<hr \/>\r\n\r\n\r\n<h4 class=\"wp-block-heading\">1912<\/h4>\r\n\r\n\r\n\r\n<p>35. Siegesjahr von Plevna &#8211; Ehrung des K\u00f6nigs durch Zar NIkolaus II. mit dem Feldmarschallstab der russischen Armee<\/p>\r\n<hr \/>\r\n\r\n\r\n<h4 class=\"wp-block-heading\">1913<\/h4>\r\n\r\n\r\n\r\n<p>Bulgarische Kampagne, Frieden von Bukarest<\/p>\r\n<p>.<\/p>\r\n<hr \/>\r\n\r\n\r\n<h4 class=\"wp-block-heading\">1914 Todesjahr Carols<\/h4>\r\n\r\n\r\n\r\n<p>Besuch der Zarenfamilie in Constan\u0163a im Juni; Ausbruch des ersten Weltkrieges im August<\/p>\r\n\r\n\r\n\r\n<p>10. Oktober 1914, Sinaia: Tod des K\u00f6nigs Carol I. von Rum\u00e4nien<\/p>\r\n<p>.<\/p>\r\n<hr \/>\r\n\r\n\r\n<h4 class=\"wp-block-heading\">1915<\/h4>\r\n<p>Elisabeth kehrt wegen einer Augenoperation nach Bukarest zur\u00fcck<\/p>\r\n<p>.<\/p>\r\n<hr \/>\r\n\r\n\r\n<h4 class=\"wp-block-heading\">1916 Todesjahr Elisabeths<\/h4>\r\n\r\n\r\n\r\n<p>2. M\u00e4rz 1916, Bukarest: Tod der K\u00f6nigin Elisabeth<\/p>\r\n<p>.<\/p>\r\n\r\n\r\n<hr class=\"wp-block-separator\" \/>\r\n\r\n\r\n<p>\u00a9 Artikel &amp; Bilder: Silvia Irina Zimmermann *** <a href=\"https:\/\/www.sizimmermann.de\/\" target=\"_blank\" rel=\"noreferrer noopener\">www.sizimmermann.de<\/a><\/p>\r\n\r\n\r\n\r\n<p>&nbsp;<\/p>\r\n\r\n\r\n<hr class=\"wp-block-separator\" \/>","protected":false},"excerpt":{"rendered":"<p>Rom\u00e2nia regat * Souver\u00e4nes Rum\u00e4nien \u2013 Chronik eines Lebensprojekts: Das erste rum\u00e4nische K\u00f6nigspaar, Carol I. und Elisabeth, im Spiegel der Zeugnisse aus Briefen, Tageb\u00fcchern, Memoiren und Schriftst\u00fccken Webprojekt: Silvia Irina Zimmermann 1866 1866: Prinz Karl von Hohenzollern-Sigmaringenwird zum F\u00fcrsten Rum\u00e4niens ernannt Aufbruch des Prinzen Karl nach Rum\u00e4nien; 8.\/ 20. Mai 1866: Ankunft inRum\u00e4nien; 10.\/ 22. &hellip; <\/p>\n<p class=\"link-more\"><a href=\"https:\/\/www.sizimmermann.de\/regat\/chronik\" class=\"more-link\">Mehr <span class=\"screen-reader-text\">\u00fcber &#8222;Chronik&#8220; <\/span>Lesen<\/a><\/p>\n","protected":false},"author":1,"featured_media":7,"parent":0,"menu_order":0,"comment_status":"closed","ping_status":"closed","template":"","meta":{"footnotes":""},"class_list":["post-65","page","type-page","status-publish","has-post-thumbnail","hentry"],"_links":{"self":[{"href":"https:\/\/www.sizimmermann.de\/regat\/wp-json\/wp\/v2\/pages\/65","targetHints":{"allow":["GET"]}}],"collection":[{"href":"https:\/\/www.sizimmermann.de\/regat\/wp-json\/wp\/v2\/pages"}],"about":[{"href":"https:\/\/www.sizimmermann.de\/regat\/wp-json\/wp\/v2\/types\/page"}],"author":[{"embeddable":true,"href":"https:\/\/www.sizimmermann.de\/regat\/wp-json\/wp\/v2\/users\/1"}],"replies":[{"embeddable":true,"href":"https:\/\/www.sizimmermann.de\/regat\/wp-json\/wp\/v2\/comments?post=65"}],"version-history":[{"count":39,"href":"https:\/\/www.sizimmermann.de\/regat\/wp-json\/wp\/v2\/pages\/65\/revisions"}],"predecessor-version":[{"id":245,"href":"https:\/\/www.sizimmermann.de\/regat\/wp-json\/wp\/v2\/pages\/65\/revisions\/245"}],"wp:featuredmedia":[{"embeddable":true,"href":"https:\/\/www.sizimmermann.de\/regat\/wp-json\/wp\/v2\/media\/7"}],"wp:attachment":[{"href":"https:\/\/www.sizimmermann.de\/regat\/wp-json\/wp\/v2\/media?parent=65"}],"curies":[{"name":"wp","href":"https:\/\/api.w.org\/{rel}","templated":true}]}}