{"id":31,"date":"2021-08-24T10:49:47","date_gmt":"2021-08-24T08:49:47","guid":{"rendered":"https:\/\/www.sizimmermann.de\/regat\/?page_id=31"},"modified":"2021-09-02T11:27:23","modified_gmt":"2021-09-02T09:27:23","slug":"personen","status":"publish","type":"page","link":"https:\/\/www.sizimmermann.de\/regat\/personen","title":{"rendered":"Personen"},"content":{"rendered":"\r\n<p>K\u00f6nig Carol I. von Rum\u00e4nien (1839-1914), geboren als Karl von Hohenzollern-Sigmaringen am 20. April 1839 in Sigmaringen, wurde 1866 zum F\u00fcrsten von Rum\u00e4nien gew\u00e4hlt. Er nahm diese Chance als eine Lebensaufgabe wahr, um aus den Vereinigten Donauf\u00fcrstent\u00fcmern (Wallachei und Moldau), die damals noch als Vasallenstaaten dem Osmanischen Reich untergeordnet waren, ein souver\u00e4nes K\u00f6nigreich Rum\u00e4nien zu erschaffen. Nachdem Carol I. im russisch-t\u00fcrkischen Krieg 1877-1878 mit seiner rum\u00e4nischen Armee die Unabh\u00e4ngigkeit Rum\u00e4niens errungen hatte, erreichte er auch die diplomatische Anerkennung der Souver\u00e4nit\u00e4t Rum\u00e4niens durch die Gro\u00dfm\u00e4chte Europas und die Erhebung des Landes zum K\u00f6nigreich. Am 10. Mai 1881 wurde Carol als erster K\u00f6nig von Rum\u00e4nien gekr\u00f6nt. Da er keinen leiblichen Thronerben hatte, folgte ihm nach seinem Tod 1914 sein Neffe, Prinz Ferdinand von Hohenzollern-Sigmaringen, auf dem rum\u00e4nischen Thron.<\/p>\r\n<p><img loading=\"lazy\" decoding=\"async\" title=\"carol1\" src=\"https:\/\/www.sizimmermann.de\/regat\/wp-content\/uploads\/2021\/08\/carol1.jpg\" alt=\"carol1\" width=\"519\" height=\"514\" \/> <img loading=\"lazy\" decoding=\"async\" title=\"elisabeth\" src=\"https:\/\/www.sizimmermann.de\/regat\/wp-content\/uploads\/2021\/08\/elisabeth.jpg\" alt=\"elisabeth\" width=\"519\" height=\"514\" \/><\/p>\r\n<p>K\u00f6nigin Elisabeth von Rum\u00e4nien (1843-1916), geborene Prinzessin zu Wied, auch als Schriftstellerin unter dem Pseudonym Carmen Sylva bekannt.<\/p>\r\n<p>Sie wurde am 29. Dezember 1843 in Schloss Monrepos bei Neuwied geboren. 1869 heiratete sie F\u00fcrst Carol von Rum\u00e4nien und lebte fortan am F\u00fcrstenhof in Bukarest. Ihr einziges Kind, Tochter Maria, starb im Kindesalter. Ab 1878 begann sie unter mehreren Pseudonymen \u00dcbersetzungen rum\u00e4nischer Lyrik ins Deutsche zu ver\u00f6ffentlichen und ab 1880 ihre eigenen literarischen Werke unter dem Pseudonym Carmen Sylva.<\/p>\r\n","protected":false},"excerpt":{"rendered":"<p>K\u00f6nig Carol I. von Rum\u00e4nien (1839-1914), geboren als Karl von Hohenzollern-Sigmaringen am 20. April 1839 in Sigmaringen, wurde 1866 zum F\u00fcrsten von Rum\u00e4nien gew\u00e4hlt. Er nahm diese Chance als eine Lebensaufgabe wahr, um aus den Vereinigten Donauf\u00fcrstent\u00fcmern (Wallachei und Moldau), die damals noch als Vasallenstaaten dem Osmanischen Reich untergeordnet waren, ein souver\u00e4nes K\u00f6nigreich Rum\u00e4nien zu &hellip; <\/p>\n<p class=\"link-more\"><a href=\"https:\/\/www.sizimmermann.de\/regat\/personen\" class=\"more-link\">Mehr <span class=\"screen-reader-text\">\u00fcber &#8222;Personen&#8220; <\/span>Lesen<\/a><\/p>\n","protected":false},"author":1,"featured_media":7,"parent":0,"menu_order":0,"comment_status":"closed","ping_status":"closed","template":"","meta":{"footnotes":""},"class_list":["post-31","page","type-page","status-publish","has-post-thumbnail","hentry"],"_links":{"self":[{"href":"https:\/\/www.sizimmermann.de\/regat\/wp-json\/wp\/v2\/pages\/31","targetHints":{"allow":["GET"]}}],"collection":[{"href":"https:\/\/www.sizimmermann.de\/regat\/wp-json\/wp\/v2\/pages"}],"about":[{"href":"https:\/\/www.sizimmermann.de\/regat\/wp-json\/wp\/v2\/types\/page"}],"author":[{"embeddable":true,"href":"https:\/\/www.sizimmermann.de\/regat\/wp-json\/wp\/v2\/users\/1"}],"replies":[{"embeddable":true,"href":"https:\/\/www.sizimmermann.de\/regat\/wp-json\/wp\/v2\/comments?post=31"}],"version-history":[{"count":17,"href":"https:\/\/www.sizimmermann.de\/regat\/wp-json\/wp\/v2\/pages\/31\/revisions"}],"predecessor-version":[{"id":248,"href":"https:\/\/www.sizimmermann.de\/regat\/wp-json\/wp\/v2\/pages\/31\/revisions\/248"}],"wp:featuredmedia":[{"embeddable":true,"href":"https:\/\/www.sizimmermann.de\/regat\/wp-json\/wp\/v2\/media\/7"}],"wp:attachment":[{"href":"https:\/\/www.sizimmermann.de\/regat\/wp-json\/wp\/v2\/media?parent=31"}],"curies":[{"name":"wp","href":"https:\/\/api.w.org\/{rel}","templated":true}]}}