{"id":29,"date":"2021-08-30T10:39:30","date_gmt":"2021-08-30T08:39:30","guid":{"rendered":"https:\/\/www.sizimmermann.de\/carmensylva\/?page_id=29"},"modified":"2025-04-06T16:19:12","modified_gmt":"2025-04-06T14:19:12","slug":"carmen-sylva","status":"publish","type":"page","link":"https:\/\/www.sizimmermann.de\/carmensylva\/","title":{"rendered":"CARMEN SYLVA"},"content":{"rendered":"\r\n<h3 class=\"wp-block-heading\">Leben und Werk der ersten K\u00f6nigin von Rum\u00e4nien, Elisabeth zu Wied, Schriftstellername Carmen Sylva (1843-1916)<\/h3>\r\n<h2 style=\"text-align: center;\"><a href=\"https:\/\/www.sizimmermann.de\/carmensylva\/archive\/category\/leben\"><strong>Blog-Artikel<\/strong><\/a><\/h2>\r\n\r\n\r\n\r\n<p>&nbsp;<\/p>\r\n<p>&nbsp;<\/p>\r\n<h3 class=\"has-text-align-right wp-block-heading\" style=\"text-align: left;\">Regina Elisabeta a Rom\u00e2niei &#8211; Carmen Sylva. Via\u0163a \u015fi opera literar\u0103<\/h3>\r\n\r\n\r\n<hr class=\"wp-block-separator\" \/>\r\n\r\n\r\n<p class=\"has-text-align-left\">\u00a0<\/p>\r\n\r\n\r\n\r\n<p>Literatur:<\/p>\r\n\r\n\r\n\r\n<p>Silvia Irina Zimmermann:<strong> &#8222;Die Feder in der Hand bin ich eine ganz andre Person.&#8220; Carmen Sylva (1843-1916). Leben und Werk.<\/strong> Mit einem Vorwort von I.D. Isabelle F\u00fcrstin zu Wied. Schriftenreihe der Forschungsstelle Carmen Sylva\/ F\u00fcrstlich Wiedisches Archiv, Band 8, Stuttgart: ibidem-Verlag, 2019, 434 Seiten, ISBN: 978-3-8382-0815-2.<\/p>\r\n<p><a href=\"https:\/\/www.sizimmermann.de\/buch\/carmensylva-biografie-2019.htm\" target=\"_blank\" rel=\"noopener\">https:\/\/www.sizimmermann.de\/buch\/carmensylva-biografie-2019.htm<\/a><\/p>\r\n<p><img loading=\"lazy\" decoding=\"async\" class=\"alignnone wp-image-39 size-large\" src=\"https:\/\/www.sizimmermann.de\/carmensylva\/wp-content\/uploads\/2021\/08\/csylva-1024x614.jpg\" alt=\"\" width=\"950\" height=\"570\" srcset=\"https:\/\/www.sizimmermann.de\/carmensylva\/wp-content\/uploads\/2021\/08\/csylva-1024x614.jpg 1024w, https:\/\/www.sizimmermann.de\/carmensylva\/wp-content\/uploads\/2021\/08\/csylva-300x180.jpg 300w, https:\/\/www.sizimmermann.de\/carmensylva\/wp-content\/uploads\/2021\/08\/csylva-768x461.jpg 768w, https:\/\/www.sizimmermann.de\/carmensylva\/wp-content\/uploads\/2021\/08\/csylva-1536x922.jpg 1536w, https:\/\/www.sizimmermann.de\/carmensylva\/wp-content\/uploads\/2021\/08\/csylva-1800x1080.jpg 1800w, https:\/\/www.sizimmermann.de\/carmensylva\/wp-content\/uploads\/2021\/08\/csylva.jpg 2000w\" sizes=\"auto, (max-width: 950px) 100vw, 950px\" \/><\/p>\r\n<p><img loading=\"lazy\" decoding=\"async\" class=\"alignnone wp-image-144 size-medium\" src=\"https:\/\/www.sizimmermann.de\/carmensylva\/wp-content\/uploads\/2021\/09\/zimmermann-biografie-carmensylva-212x300.jpg\" alt=\"\" width=\"212\" height=\"300\" srcset=\"https:\/\/www.sizimmermann.de\/carmensylva\/wp-content\/uploads\/2021\/09\/zimmermann-biografie-carmensylva-212x300.jpg 212w, https:\/\/www.sizimmermann.de\/carmensylva\/wp-content\/uploads\/2021\/09\/zimmermann-biografie-carmensylva-724x1024.jpg 724w, https:\/\/www.sizimmermann.de\/carmensylva\/wp-content\/uploads\/2021\/09\/zimmermann-biografie-carmensylva-768x1086.jpg 768w, https:\/\/www.sizimmermann.de\/carmensylva\/wp-content\/uploads\/2021\/09\/zimmermann-biografie-carmensylva-1086x1536.jpg 1086w, https:\/\/www.sizimmermann.de\/carmensylva\/wp-content\/uploads\/2021\/09\/zimmermann-biografie-carmensylva-1448x2048.jpg 1448w, https:\/\/www.sizimmermann.de\/carmensylva\/wp-content\/uploads\/2021\/09\/zimmermann-biografie-carmensylva-1800x2546.jpg 1800w, https:\/\/www.sizimmermann.de\/carmensylva\/wp-content\/uploads\/2021\/09\/zimmermann-biografie-carmensylva-scaled.jpg 1810w\" sizes=\"auto, (max-width: 212px) 100vw, 212px\" \/> <img loading=\"lazy\" decoding=\"async\" class=\"alignnone wp-image-139 size-medium\" src=\"https:\/\/www.sizimmermann.de\/carmensylva\/wp-content\/uploads\/2021\/09\/coverdiss1-212x300.jpg\" alt=\"\" width=\"212\" height=\"300\" srcset=\"https:\/\/www.sizimmermann.de\/carmensylva\/wp-content\/uploads\/2021\/09\/coverdiss1-212x300.jpg 212w, https:\/\/www.sizimmermann.de\/carmensylva\/wp-content\/uploads\/2021\/09\/coverdiss1.jpg 582w\" sizes=\"auto, (max-width: 212px) 100vw, 212px\" \/> <img loading=\"lazy\" decoding=\"async\" class=\"alignnone wp-image-141 size-medium\" src=\"https:\/\/www.sizimmermann.de\/carmensylva\/wp-content\/uploads\/2021\/09\/covermag1-205x300.jpg\" alt=\"\" width=\"205\" height=\"300\" srcset=\"https:\/\/www.sizimmermann.de\/carmensylva\/wp-content\/uploads\/2021\/09\/covermag1-205x300.jpg 205w, https:\/\/www.sizimmermann.de\/carmensylva\/wp-content\/uploads\/2021\/09\/covermag1.jpg 571w\" sizes=\"auto, (max-width: 205px) 100vw, 205px\" \/> <img loading=\"lazy\" decoding=\"async\" class=\"alignnone wp-image-138 size-medium\" src=\"https:\/\/www.sizimmermann.de\/carmensylva\/wp-content\/uploads\/2021\/09\/cover-209x300.jpg\" alt=\"\" width=\"209\" height=\"300\" srcset=\"https:\/\/www.sizimmermann.de\/carmensylva\/wp-content\/uploads\/2021\/09\/cover-209x300.jpg 209w, https:\/\/www.sizimmermann.de\/carmensylva\/wp-content\/uploads\/2021\/09\/cover.jpg 550w\" sizes=\"auto, (max-width: 209px) 100vw, 209px\" \/><\/p>\r\n<p><img loading=\"lazy\" decoding=\"async\" class=\"alignnone wp-image-136 size-large\" src=\"https:\/\/www.sizimmermann.de\/carmensylva\/wp-content\/uploads\/2021\/09\/sizlit2021-1024x482.jpg\" alt=\"\" width=\"950\" height=\"447\" srcset=\"https:\/\/www.sizimmermann.de\/carmensylva\/wp-content\/uploads\/2021\/09\/sizlit2021-1024x482.jpg 1024w, https:\/\/www.sizimmermann.de\/carmensylva\/wp-content\/uploads\/2021\/09\/sizlit2021-300x141.jpg 300w, https:\/\/www.sizimmermann.de\/carmensylva\/wp-content\/uploads\/2021\/09\/sizlit2021-768x361.jpg 768w, https:\/\/www.sizimmermann.de\/carmensylva\/wp-content\/uploads\/2021\/09\/sizlit2021-1536x723.jpg 1536w, https:\/\/www.sizimmermann.de\/carmensylva\/wp-content\/uploads\/2021\/09\/sizlit2021-1800x847.jpg 1800w, https:\/\/www.sizimmermann.de\/carmensylva\/wp-content\/uploads\/2021\/09\/sizlit2021.jpg 2000w\" sizes=\"auto, (max-width: 950px) 100vw, 950px\" \/><\/p>\r\n<p>&nbsp;<\/p>\r\n<p><iframe loading=\"lazy\" title=\"YouTube video player\" src=\"https:\/\/www.youtube.com\/embed\/ee8TyDXe5Wg\" width=\"560\" height=\"315\" frameborder=\"0\" allowfullscreen=\"allowfullscreen\"><\/iframe><\/p>\r\n<p><iframe loading=\"lazy\" title=\"YouTube video player\" src=\"https:\/\/www.youtube.com\/embed\/C_fpxnl4Lhc\" width=\"560\" height=\"315\" frameborder=\"0\" allowfullscreen=\"allowfullscreen\"><\/iframe><\/p>\r\n<p>&nbsp;<\/p>\r\n\r\n\r\n<hr class=\"wp-block-separator\" \/>\r\n\r\n\r\n<p>Dieser Blog ist ein Begleitangebot zu den Buchver\u00f6ffentlichungen der Autorin und Herausgeberin<\/p>\r\n\r\n\r\n\r\n<p><a href=\"https:\/\/www.sizimmermann.de\" target=\"_blank\" rel=\"noreferrer noopener\">Dr. phil. Silvia Irina Zimmermann<\/a><\/p>\r\n\r\n\r\n\r\n<p><strong>Publikationen: <\/strong><a href=\"https:\/\/www.sizimmermann.de\/buch.htm\" target=\"_blank\" rel=\"noreferrer noopener\">https:\/\/www.sizimmermann.de\/buch.htm<\/a><\/p>\r\n\r\n\r\n\r\n<p><strong>Kontakt: <\/strong>siz [@] sizimmermann.de<\/p>\r\n\r\n\r\n\r\n<p><strong>Disclaimer: <\/strong>Alle in diesem Blog ver\u00f6ffentlichten Beitr\u00e4ge sind urheberrechtlich gesch\u00fctzt; alle Rechte (Texte, Bilder und \u00dcbersetzungen), sind vorbehalten. Reproduktionen sind nur mit schriftlicher Genehmigung der Autorin gestattet. Die Autorin ist f\u00fcr die Inhalte fremder Internetseiten, die \u00fcber einen Link erreicht werden, nicht verantwortlich.<\/p>\r\n","protected":false},"excerpt":{"rendered":"<p>Leben und Werk der ersten K\u00f6nigin von Rum\u00e4nien, Elisabeth zu Wied, Schriftstellername Carmen Sylva (1843-1916) Blog-Artikel &nbsp; &nbsp; Regina Elisabeta a Rom\u00e2niei &#8211; Carmen Sylva. Via\u0163a \u015fi opera literar\u0103 \u00a0 Literatur: Silvia Irina Zimmermann: &#8222;Die Feder in der Hand bin ich eine ganz andre Person.&#8220; Carmen Sylva (1843-1916). Leben und Werk. Mit einem Vorwort von &hellip; <\/p>\n<p class=\"link-more\"><a href=\"https:\/\/www.sizimmermann.de\/carmensylva\/\" class=\"more-link\">Mehr <span class=\"screen-reader-text\">\u00fcber &#8222;CARMEN SYLVA&#8220; <\/span>Lesen<\/a><\/p>\n","protected":false},"author":1,"featured_media":118,"parent":0,"menu_order":0,"comment_status":"closed","ping_status":"closed","template":"","meta":{"footnotes":""},"class_list":["post-29","page","type-page","status-publish","has-post-thumbnail","hentry"],"_links":{"self":[{"href":"https:\/\/www.sizimmermann.de\/carmensylva\/wp-json\/wp\/v2\/pages\/29","targetHints":{"allow":["GET"]}}],"collection":[{"href":"https:\/\/www.sizimmermann.de\/carmensylva\/wp-json\/wp\/v2\/pages"}],"about":[{"href":"https:\/\/www.sizimmermann.de\/carmensylva\/wp-json\/wp\/v2\/types\/page"}],"author":[{"embeddable":true,"href":"https:\/\/www.sizimmermann.de\/carmensylva\/wp-json\/wp\/v2\/users\/1"}],"replies":[{"embeddable":true,"href":"https:\/\/www.sizimmermann.de\/carmensylva\/wp-json\/wp\/v2\/comments?post=29"}],"version-history":[{"count":23,"href":"https:\/\/www.sizimmermann.de\/carmensylva\/wp-json\/wp\/v2\/pages\/29\/revisions"}],"predecessor-version":[{"id":194,"href":"https:\/\/www.sizimmermann.de\/carmensylva\/wp-json\/wp\/v2\/pages\/29\/revisions\/194"}],"wp:featuredmedia":[{"embeddable":true,"href":"https:\/\/www.sizimmermann.de\/carmensylva\/wp-json\/wp\/v2\/media\/118"}],"wp:attachment":[{"href":"https:\/\/www.sizimmermann.de\/carmensylva\/wp-json\/wp\/v2\/media?parent=29"}],"curies":[{"name":"wp","href":"https:\/\/api.w.org\/{rel}","templated":true}]}}