{"id":67,"date":"2021-08-30T15:28:43","date_gmt":"2021-08-30T13:28:43","guid":{"rendered":"https:\/\/www.sizimmermann.de\/arsreginae\/?page_id=67"},"modified":"2021-09-01T15:11:24","modified_gmt":"2021-09-01T13:11:24","slug":"reginele-scriitoare","status":"publish","type":"page","link":"https:\/\/www.sizimmermann.de\/arsreginae\/reginele-scriitoare","title":{"rendered":"Reginele scriitoare"},"content":{"rendered":"\r\n<h2 class=\"wp-block-heading\">Reginele scriitoare ale Rom\u00e2niei, Elisabeta (Carmen Sylva) \u015fi Maria<\/h2>\r\n\r\n\r\n\r\n<p>Articole:<\/p>\r\n<p><a href=\"https:\/\/www.sizimmermann.de\/arsreginae\/elisabeth-carmen-sylva\">Regina Elisabeta (Carmen Sylva)<\/a><\/p>\r\n<p><a href=\"https:\/\/www.sizimmermann.de\/arsreginae\/queen-marie\">Regina Maria<\/a><\/p>\r\n<hr \/>\r\n<p>Literatur\u0103:<\/p>\r\n<p><strong><em>Reginele scriitoare ale Rom\u00e2niei, Elisabeta (Carmen Sylva) \u015fi Maria<\/em><\/strong>. Edi\u0163ie \u00eengrijit\u0103, introducere, note \u015fi bibliografie de Silvia Irina Zimmermann. Colec\u0163ia \u201cIstorie cu blazon\u201d, Bucure\u015fti: Editura Corint, 2021, 400 pagini, ISBN 978-606-793-964-4.<\/p>\r\n<p><a href=\"https:\/\/www.sizimmermann.de\/buch\/reginele-scriitoare.htm\">https:\/\/www.sizimmermann.de\/buch\/reginele-scriitoare.htm<\/a><\/p>\r\n<p><img loading=\"lazy\" decoding=\"async\" class=\"alignnone size-large wp-image-132\" src=\"https:\/\/www.sizimmermann.de\/arsreginae\/wp-content\/uploads\/2021\/09\/reginele-scriitoare2-1024x512.jpg\" alt=\"\" width=\"950\" height=\"475\" srcset=\"https:\/\/www.sizimmermann.de\/arsreginae\/wp-content\/uploads\/2021\/09\/reginele-scriitoare2-1024x512.jpg 1024w, https:\/\/www.sizimmermann.de\/arsreginae\/wp-content\/uploads\/2021\/09\/reginele-scriitoare2-300x150.jpg 300w, https:\/\/www.sizimmermann.de\/arsreginae\/wp-content\/uploads\/2021\/09\/reginele-scriitoare2-768x384.jpg 768w, https:\/\/www.sizimmermann.de\/arsreginae\/wp-content\/uploads\/2021\/09\/reginele-scriitoare2-1536x767.jpg 1536w, https:\/\/www.sizimmermann.de\/arsreginae\/wp-content\/uploads\/2021\/09\/reginele-scriitoare2-2048x1023.jpg 2048w, https:\/\/www.sizimmermann.de\/arsreginae\/wp-content\/uploads\/2021\/09\/reginele-scriitoare2-2000x999.jpg 2000w, https:\/\/www.sizimmermann.de\/arsreginae\/wp-content\/uploads\/2021\/09\/reginele-scriitoare2-1800x899.jpg 1800w\" sizes=\"auto, (max-width: 950px) 100vw, 950px\" \/><\/p>\r\n","protected":false},"excerpt":{"rendered":"<p>Reginele scriitoare ale Rom\u00e2niei, Elisabeta (Carmen Sylva) \u015fi Maria Articole: Regina Elisabeta (Carmen Sylva) Regina Maria Literatur\u0103: Reginele scriitoare ale Rom\u00e2niei, Elisabeta (Carmen Sylva) \u015fi Maria. Edi\u0163ie \u00eengrijit\u0103, introducere, note \u015fi bibliografie de Silvia Irina Zimmermann. Colec\u0163ia \u201cIstorie cu blazon\u201d, Bucure\u015fti: Editura Corint, 2021, 400 pagini, ISBN 978-606-793-964-4. https:\/\/www.sizimmermann.de\/buch\/reginele-scriitoare.htm<\/p>\n","protected":false},"author":1,"featured_media":22,"parent":0,"menu_order":0,"comment_status":"closed","ping_status":"closed","template":"","meta":{"footnotes":""},"class_list":["post-67","page","type-page","status-publish","has-post-thumbnail","hentry"],"_links":{"self":[{"href":"https:\/\/www.sizimmermann.de\/arsreginae\/wp-json\/wp\/v2\/pages\/67","targetHints":{"allow":["GET"]}}],"collection":[{"href":"https:\/\/www.sizimmermann.de\/arsreginae\/wp-json\/wp\/v2\/pages"}],"about":[{"href":"https:\/\/www.sizimmermann.de\/arsreginae\/wp-json\/wp\/v2\/types\/page"}],"author":[{"embeddable":true,"href":"https:\/\/www.sizimmermann.de\/arsreginae\/wp-json\/wp\/v2\/users\/1"}],"replies":[{"embeddable":true,"href":"https:\/\/www.sizimmermann.de\/arsreginae\/wp-json\/wp\/v2\/comments?post=67"}],"version-history":[{"count":6,"href":"https:\/\/www.sizimmermann.de\/arsreginae\/wp-json\/wp\/v2\/pages\/67\/revisions"}],"predecessor-version":[{"id":133,"href":"https:\/\/www.sizimmermann.de\/arsreginae\/wp-json\/wp\/v2\/pages\/67\/revisions\/133"}],"wp:featuredmedia":[{"embeddable":true,"href":"https:\/\/www.sizimmermann.de\/arsreginae\/wp-json\/wp\/v2\/media\/22"}],"wp:attachment":[{"href":"https:\/\/www.sizimmermann.de\/arsreginae\/wp-json\/wp\/v2\/media?parent=67"}],"curies":[{"name":"wp","href":"https:\/\/api.w.org\/{rel}","templated":true}]}}